{"id":5254,"date":"2025-12-09T15:13:29","date_gmt":"2025-12-09T18:13:29","guid":{"rendered":"https:\/\/dielenergia.com\/?page_id=5254"},"modified":"2025-12-10T11:54:19","modified_gmt":"2025-12-10T14:54:19","slug":"newsletter","status":"publish","type":"page","link":"https:\/\/dielenergia.com\/en\/newsletter\/","title":{"rendered":"Newsletter"},"content":{"rendered":"<div data-elementor-type=\"wp-page\" data-elementor-id=\"5254\" class=\"elementor elementor-5254\" data-elementor-post-type=\"page\">\n\t\t\t\t<div class=\"elementor-element elementor-element-3c039de e-flex e-con-boxed e-con e-parent\" data-id=\"3c039de\" data-element_type=\"container\" data-settings=\"{&quot;background_background&quot;:&quot;classic&quot;}\">\n\t\t\t\t\t<div class=\"e-con-inner\">\n\t\t\t\t<div class=\"elementor-element elementor-element-ca539c7 elementor-widget__width-initial elementor-widget elementor-widget-heading\" data-id=\"ca539c7\" data-element_type=\"widget\" data-widget_type=\"heading.default\">\n\t\t\t\t<div class=\"elementor-widget-container\">\n\t\t\t\t\t<h1 class=\"elementor-heading-title elementor-size-default\">Fique por dentro das principais tend\u00eancias\ne novidades do setor de refrigera\u00e7\u00e3o.<\/h1>\t\t\t\t<\/div>\n\t\t\t\t<\/div>\n\t\t<div class=\"elementor-element elementor-element-50f0cb1 e-con-full e-flex e-con e-child\" data-id=\"50f0cb1\" data-element_type=\"container\" data-settings=\"{&quot;background_background&quot;:&quot;classic&quot;}\">\n\t\t\t\t<div class=\"elementor-element elementor-element-215fb4a elementor-button-align-stretch elementor-widget elementor-widget-form\" data-id=\"215fb4a\" data-element_type=\"widget\" data-settings=\"{&quot;button_width&quot;:&quot;25&quot;,&quot;step_next_label&quot;:&quot;Pr\\u00f3ximo&quot;,&quot;step_previous_label&quot;:&quot;Anterior&quot;,&quot;button_width_mobile&quot;:&quot;33&quot;,&quot;step_type&quot;:&quot;number_text&quot;,&quot;step_icon_shape&quot;:&quot;circle&quot;}\" data-widget_type=\"form.default\">\n\t\t\t\t<div class=\"elementor-widget-container\">\n\t\t\t\t\t\t\t<form class=\"elementor-form\" method=\"post\" id=\"newsletter_page\" name=\"Newsletter page\" aria-label=\"Newsletter page\" action=\"\">\n\t\t\t<input type=\"hidden\" name=\"post_id\" value=\"5254\"\/>\n\t\t\t<input type=\"hidden\" name=\"form_id\" value=\"215fb4a\"\/>\n\t\t\t<input type=\"hidden\" name=\"referer_title\" value=\"Newsletter - Diel Energia\" \/>\n\n\t\t\t\t\t\t\t<input type=\"hidden\" name=\"queried_id\" value=\"5254\"\/>\n\t\t\t\n\t\t\t<div class=\"elementor-form-fields-wrapper elementor-labels-\">\n\t\t\t\t\t\t\t\t<div class=\"elementor-field-type-email elementor-field-group elementor-column elementor-field-group-email elementor-col-75 elementor-sm-66 elementor-field-required\">\n\t\t\t\t\t\t\t\t\t\t\t\t<label for=\"form-field-email\" class=\"elementor-field-label elementor-screen-only\">\n\t\t\t\t\t\t\t\tE-mail\t\t\t\t\t\t\t<\/label>\n\t\t\t\t\t\t\t\t\t\t\t\t\t\t<input size=\"1\" type=\"email\" name=\"form_fields[email]\" id=\"form-field-email\" class=\"elementor-field elementor-size-sm  elementor-field-textual\" placeholder=\"Enter your best email\" required=\"required\">\n\t\t\t\t\t\t\t\t\t\t\t<\/div>\n\t\t\t\t\t\t\t\t<div class=\"elementor-field-type-recaptcha_v3 elementor-field-group elementor-column elementor-field-group-field_7c30a41 elementor-col-100 recaptcha_v3-bottomleft\">\n\t\t\t\t\t<div class=\"elementor-field\" id=\"form-field-field_7c30a41\"><div class=\"elementor-g-recaptcha\" data-sitekey=\"6Le7uL0qAAAAABclj2kwE3IjxMX1g2uW5ifoa-_7\" data-type=\"v3\" data-action=\"Form\" data-badge=\"bottomleft\" data-size=\"invisible\"><\/div><\/div>\t\t\t\t<\/div>\n\t\t\t\t\t\t\t\t<div class=\"elementor-field-group elementor-column elementor-field-type-submit elementor-col-25 e-form__buttons elementor-sm-33\">\n\t\t\t\t\t<button class=\"elementor-button elementor-size-sm\" type=\"submit\">\n\t\t\t\t\t\t<span class=\"elementor-button-content-wrapper\">\n\t\t\t\t\t\t\t\t\t\t\t\t\t\t\t\t\t\t\t\t\t\t<span class=\"elementor-button-text\">Subscribe<\/span>\n\t\t\t\t\t\t\t\t\t\t\t\t\t<\/span>\n\t\t\t\t\t<\/button>\n\t\t\t\t<\/div>\n\t\t\t<\/div>\n\t\t<input type=\"hidden\" name=\"trp-form-language\" value=\"en\"\/><\/form>\n\t\t\t\t\t\t<\/div>\n\t\t\t\t<\/div>\n\t\t\t\t<\/div>\n\t\t\t\t<div class=\"elementor-element elementor-element-60ca89c elementor-widget__width-initial elementor-widget elementor-widget-text-editor\" data-id=\"60ca89c\" data-element_type=\"widget\" data-widget_type=\"text-editor.default\">\n\t\t\t\t<div class=\"elementor-widget-container\">\n\t\t\t\t\t\t\t\t\t<p>Enquanto o Celsius 360 te ajuda na gest\u00e3o, sobra tempo pra respirar e se atualizar aqui com a gente!<\/p>\t\t\t\t\t\t\t\t<\/div>\n\t\t\t\t<\/div>\n\t\t\t\t\t<\/div>\n\t\t\t\t<\/div>\n\t\t<div class=\"elementor-element elementor-element-833856f e-flex e-con-boxed e-con e-parent\" data-id=\"833856f\" data-element_type=\"container\" data-settings=\"{&quot;background_background&quot;:&quot;classic&quot;}\">\n\t\t\t\t\t<div class=\"e-con-inner\">\n\t\t\t\t<div class=\"elementor-element elementor-element-29c464f elementor-widget__width-initial elementor-widget elementor-widget-text-editor\" data-id=\"29c464f\" data-element_type=\"widget\" data-widget_type=\"text-editor.default\">\n\t\t\t\t<div class=\"elementor-widget-container\">\n\t\t\t\t\t\t\t\t\t<p>O que voc\u00ea vai receber:<\/p>\t\t\t\t\t\t\t\t<\/div>\n\t\t\t\t<\/div>\n\t\t<div class=\"elementor-element elementor-element-22d9796 e-grid e-con-full e-con e-child\" data-id=\"22d9796\" data-element_type=\"container\">\n\t\t<div class=\"elementor-element elementor-element-76f114f e-con-full e-flex e-con e-child\" data-id=\"76f114f\" data-element_type=\"container\">\n\t\t<div class=\"elementor-element elementor-element-61ac486 e-con-full e-flex e-con e-child\" data-id=\"61ac486\" data-element_type=\"container\" data-settings=\"{&quot;background_background&quot;:&quot;classic&quot;}\">\n\t\t\t\t<div class=\"elementor-element elementor-element-39bb215 elementor-widget__width-initial elementor-widget elementor-widget-heading\" data-id=\"39bb215\" data-element_type=\"widget\" data-widget_type=\"heading.default\">\n\t\t\t\t<div class=\"elementor-widget-container\">\n\t\t\t\t\t<h3 class=\"elementor-heading-title elementor-size-default\">Mercado &amp; Gest\u00e3o<\/h3>\t\t\t\t<\/div>\n\t\t\t\t<\/div>\n\t\t\t\t<\/div>\n\t\t<div class=\"elementor-element elementor-element-b823333 e-con-full e-flex e-con e-child\" data-id=\"b823333\" data-element_type=\"container\">\n\t\t\t\t<div class=\"elementor-element elementor-element-0d2eb8a elementor-widget elementor-widget-text-editor\" data-id=\"0d2eb8a\" data-element_type=\"widget\" data-widget_type=\"text-editor.default\">\n\t\t\t\t<div class=\"elementor-widget-container\">\n\t\t\t\t\t\t\t\t\t<p>An\u00e1lises sobre como o cen\u00e1rio econ\u00f4mico impacta o setor<br \/>de Facilities.<\/p>\t\t\t\t\t\t\t\t<\/div>\n\t\t\t\t<\/div>\n\t\t\t\t<\/div>\n\t\t\t\t<\/div>\n\t\t<div class=\"elementor-element elementor-element-7801027 e-con-full e-flex e-con e-child\" data-id=\"7801027\" data-element_type=\"container\">\n\t\t<div class=\"elementor-element elementor-element-6a49e2d e-con-full e-flex e-con e-child\" data-id=\"6a49e2d\" data-element_type=\"container\" data-settings=\"{&quot;background_background&quot;:&quot;classic&quot;}\">\n\t\t\t\t<div class=\"elementor-element elementor-element-4eb1beb elementor-widget__width-initial elementor-widget elementor-widget-heading\" data-id=\"4eb1beb\" data-element_type=\"widget\" data-widget_type=\"heading.default\">\n\t\t\t\t<div class=\"elementor-widget-container\">\n\t\t\t\t\t<h3 class=\"elementor-heading-title elementor-size-default\">Eventos<\/h3>\t\t\t\t<\/div>\n\t\t\t\t<\/div>\n\t\t\t\t<\/div>\n\t\t<div class=\"elementor-element elementor-element-d266d5e e-con-full e-flex e-con e-child\" data-id=\"d266d5e\" data-element_type=\"container\">\n\t\t\t\t<div class=\"elementor-element elementor-element-5bfd318 elementor-widget elementor-widget-text-editor\" data-id=\"5bfd318\" data-element_type=\"widget\" data-widget_type=\"text-editor.default\">\n\t\t\t\t<div class=\"elementor-widget-container\">\n\t\t\t\t\t\t\t\t\t<p>O impacto de eventos globais e novas regulamenta\u00e7\u00f5es para deixar a sua opera\u00e7\u00e3o em conformidade.<\/p>\t\t\t\t\t\t\t\t<\/div>\n\t\t\t\t<\/div>\n\t\t\t\t<\/div>\n\t\t\t\t<\/div>\n\t\t<div class=\"elementor-element elementor-element-f69c57b e-con-full e-flex e-con e-child\" data-id=\"f69c57b\" data-element_type=\"container\">\n\t\t<div class=\"elementor-element elementor-element-f64590e e-con-full e-flex e-con e-child\" data-id=\"f64590e\" data-element_type=\"container\" data-settings=\"{&quot;background_background&quot;:&quot;classic&quot;}\">\n\t\t\t\t<div class=\"elementor-element elementor-element-3768006 elementor-widget__width-initial elementor-widget elementor-widget-heading\" data-id=\"3768006\" data-element_type=\"widget\" data-widget_type=\"heading.default\">\n\t\t\t\t<div class=\"elementor-widget-container\">\n\t\t\t\t\t<h3 class=\"elementor-heading-title elementor-size-default\">Inova\u00e7\u00e3o\nTech<\/h3>\t\t\t\t<\/div>\n\t\t\t\t<\/div>\n\t\t\t\t<\/div>\n\t\t<div class=\"elementor-element elementor-element-2c36d1d e-con-full e-flex e-con e-child\" data-id=\"2c36d1d\" data-element_type=\"container\">\n\t\t\t\t<div class=\"elementor-element elementor-element-7e5c24c elementor-widget elementor-widget-text-editor\" data-id=\"7e5c24c\" data-element_type=\"widget\" data-widget_type=\"text-editor.default\">\n\t\t\t\t<div class=\"elementor-widget-container\">\n\t\t\t\t\t\t\t\t\t<p>Tudo sobre as inova\u00e7\u00f5es e tend\u00eancias de HVAC, IoT e a transforma\u00e7\u00e3o da manuten\u00e7\u00e3o reativa em ci\u00eancia preditiva.<\/p>\t\t\t\t\t\t\t\t<\/div>\n\t\t\t\t<\/div>\n\t\t\t\t<\/div>\n\t\t\t\t<\/div>\n\t\t<div class=\"elementor-element elementor-element-2138871 e-con-full e-flex e-con e-child\" data-id=\"2138871\" data-element_type=\"container\">\n\t\t<div class=\"elementor-element elementor-element-18828fd e-con-full e-flex e-con e-child\" data-id=\"18828fd\" data-element_type=\"container\" data-settings=\"{&quot;background_background&quot;:&quot;classic&quot;}\">\n\t\t\t\t<div class=\"elementor-element elementor-element-55a804d elementor-widget__width-initial elementor-widget elementor-widget-heading\" data-id=\"55a804d\" data-element_type=\"widget\" data-widget_type=\"heading.default\">\n\t\t\t\t<div class=\"elementor-widget-container\">\n\t\t\t\t\t<h3 class=\"elementor-heading-title elementor-size-default\">Case de\nSucesso<\/h3>\t\t\t\t<\/div>\n\t\t\t\t<\/div>\n\t\t\t\t<\/div>\n\t\t<div class=\"elementor-element elementor-element-616b605 e-con-full e-flex e-con e-child\" data-id=\"616b605\" data-element_type=\"container\">\n\t\t\t\t<div class=\"elementor-element elementor-element-e821b1b elementor-widget elementor-widget-text-editor\" data-id=\"e821b1b\" data-element_type=\"widget\" data-widget_type=\"text-editor.default\">\n\t\t\t\t<div class=\"elementor-widget-container\">\n\t\t\t\t\t\t\t\t\t<p>Hist\u00f3rias reais de quem transformou efici\u00eancia energ\u00e9tica em lucro.<\/p>\t\t\t\t\t\t\t\t<\/div>\n\t\t\t\t<\/div>\n\t\t\t\t<\/div>\n\t\t\t\t<\/div>\n\t\t\t\t<\/div>\n\t\t\t\t\t<\/div>\n\t\t\t\t<\/div>\n\t\t<div class=\"elementor-element elementor-element-69f82ca elementor-hidden-mobile e-flex e-con-boxed e-con e-parent\" data-id=\"69f82ca\" data-element_type=\"container\">\n\t\t\t\t\t<div class=\"e-con-inner\">\n\t\t<div class=\"elementor-element elementor-element-d804c10 e-con-full e-flex e-con e-child\" data-id=\"d804c10\" data-element_type=\"container\">\n\t\t\t\t<div class=\"elementor-element elementor-element-b62a478 elementor-absolute e-transform elementor-widget elementor-widget-image\" data-id=\"b62a478\" data-element_type=\"widget\" data-settings=\"{&quot;_position&quot;:&quot;absolute&quot;,&quot;_transform_rotateZ_effect&quot;:{&quot;unit&quot;:&quot;px&quot;,&quot;size&quot;:-10,&quot;sizes&quot;:[]},&quot;_transform_rotateZ_effect_tablet&quot;:{&quot;unit&quot;:&quot;deg&quot;,&quot;size&quot;:&quot;&quot;,&quot;sizes&quot;:[]},&quot;_transform_rotateZ_effect_mobile&quot;:{&quot;unit&quot;:&quot;deg&quot;,&quot;size&quot;:&quot;&quot;,&quot;sizes&quot;:[]}}\" data-widget_type=\"image.default\">\n\t\t\t\t<div class=\"elementor-widget-container\">\n\t\t\t\t\t\t\t\t\t\t\t\t\t\t\t<img fetchpriority=\"high\" decoding=\"async\" width=\"800\" height=\"600\" src=\"https:\/\/dielenergia.com\/wp-content\/uploads\/2025\/12\/b20ac0718d5c7720a542721aa4fa5ea993d6b9ac-1024x768.png\" class=\"attachment-large size-large wp-image-5278\" alt=\"\" srcset=\"https:\/\/dielenergia.com\/wp-content\/uploads\/2025\/12\/b20ac0718d5c7720a542721aa4fa5ea993d6b9ac-1024x768.png 1024w, https:\/\/dielenergia.com\/wp-content\/uploads\/2025\/12\/b20ac0718d5c7720a542721aa4fa5ea993d6b9ac-300x225.png 300w, https:\/\/dielenergia.com\/wp-content\/uploads\/2025\/12\/b20ac0718d5c7720a542721aa4fa5ea993d6b9ac-768x576.png 768w, https:\/\/dielenergia.com\/wp-content\/uploads\/2025\/12\/b20ac0718d5c7720a542721aa4fa5ea993d6b9ac-1536x1152.png 1536w, https:\/\/dielenergia.com\/wp-content\/uploads\/2025\/12\/b20ac0718d5c7720a542721aa4fa5ea993d6b9ac-2048x1536.png 2048w, https:\/\/dielenergia.com\/wp-content\/uploads\/2025\/12\/b20ac0718d5c7720a542721aa4fa5ea993d6b9ac-16x12.png 16w\" sizes=\"(max-width: 800px) 100vw, 800px\" \/>\t\t\t\t\t\t\t\t\t\t\t\t\t\t\t<\/div>\n\t\t\t\t<\/div>\n\t\t<div class=\"elementor-element elementor-element-6de2abd e-con-full e-flex e-con e-child\" data-id=\"6de2abd\" data-element_type=\"container\" data-settings=\"{&quot;background_background&quot;:&quot;classic&quot;}\">\n\t\t\t\t<div class=\"elementor-element elementor-element-e23a06e elementor-widget elementor-widget-heading\" data-id=\"e23a06e\" data-element_type=\"widget\" data-widget_type=\"heading.default\">\n\t\t\t\t<div class=\"elementor-widget-container\">\n\t\t\t\t\t<h3 class=\"elementor-heading-title elementor-size-default\">O que h\u00e1 de mais relevante no setor de refrigera\u00e7\u00e3o, gratuitamente <span style=\"font-weight:600\">na sua caixa de entrada todo m\u00eas.<\/span><\/h3>\t\t\t\t<\/div>\n\t\t\t\t<\/div>\n\t\t\t\t<\/div>\n\t\t\t\t<\/div>\n\t\t\t\t\t<\/div>\n\t\t\t\t<\/div>\n\t\t\t\t<\/div>","protected":false},"excerpt":{"rendered":"<p>Fique por dentro das principais tend\u00eancias e novidades do setor de refrigera\u00e7\u00e3o. Enquanto o Celsius 360 te ajuda na gest\u00e3o, sobra tempo pra respirar e se atualizar aqui com a gente! O que voc\u00ea vai receber: Mercado &amp; Gest\u00e3o An\u00e1lises sobre como o cen\u00e1rio econ\u00f4mico impacta o setorde Facilities. Eventos O impacto de eventos globais [&hellip;]<\/p>","protected":false},"author":1,"featured_media":0,"parent":0,"menu_order":0,"comment_status":"closed","ping_status":"closed","template":"","meta":{"_acf_changed":false,"content-type":"","inline_featured_image":false,"_monsterinsights_skip_tracking":false,"_monsterinsights_sitenote_active":false,"_monsterinsights_sitenote_note":"","_monsterinsights_sitenote_category":0,"footnotes":""},"class_list":["post-5254","page","type-page","status-publish","hentry"],"acf":[],"yoast_head":"<!-- This site is optimized with the Yoast SEO plugin v26.4 - https:\/\/yoast.com\/wordpress\/plugins\/seo\/ -->\n<title>Newsletter - Diel Energia<\/title>\n<meta name=\"robots\" content=\"index, follow, max-snippet:-1, max-image-preview:large, max-video-preview:-1\" \/>\n<link rel=\"canonical\" href=\"https:\/\/dielenergia.com\/en\/newsletter\/\" \/>\n<meta property=\"og:locale\" content=\"en_US\" \/>\n<meta property=\"og:type\" content=\"article\" \/>\n<meta property=\"og:title\" content=\"Newsletter - Diel Energia\" \/>\n<meta property=\"og:description\" content=\"Fique por dentro das principais tend\u00eancias e novidades do setor de refrigera\u00e7\u00e3o. Enquanto o Celsius 360 te ajuda na gest\u00e3o, sobra tempo pra respirar e se atualizar aqui com a gente! O que voc\u00ea vai receber: Mercado &amp; Gest\u00e3o An\u00e1lises sobre como o cen\u00e1rio econ\u00f4mico impacta o setorde Facilities. Eventos O impacto de eventos globais [&hellip;]\" \/>\n<meta property=\"og:url\" content=\"https:\/\/dielenergia.com\/en\/newsletter\/\" \/>\n<meta property=\"og:site_name\" content=\"Diel Energia\" \/>\n<meta property=\"article:modified_time\" content=\"2025-12-10T14:54:19+00:00\" \/>\n<meta property=\"og:image\" content=\"https:\/\/dielenergia.com\/wp-content\/uploads\/2025\/12\/b20ac0718d5c7720a542721aa4fa5ea993d6b9ac-scaled.png\" \/>\n\t<meta property=\"og:image:width\" content=\"2560\" \/>\n\t<meta property=\"og:image:height\" content=\"1920\" \/>\n\t<meta property=\"og:image:type\" content=\"image\/png\" \/>\n<meta name=\"twitter:card\" content=\"summary_large_image\" \/>\n<meta name=\"twitter:label1\" content=\"Est. reading time\" \/>\n\t<meta name=\"twitter:data1\" content=\"1 minute\" \/>\n<script type=\"application\/ld+json\" class=\"yoast-schema-graph\">{\"@context\":\"https:\/\/schema.org\",\"@graph\":[{\"@type\":\"WebPage\",\"@id\":\"https:\/\/dielenergia.com\/newsletter\/\",\"url\":\"https:\/\/dielenergia.com\/newsletter\/\",\"name\":\"Newsletter - Diel Energia\",\"isPartOf\":{\"@id\":\"https:\/\/dielenergia.com\/#website\"},\"primaryImageOfPage\":{\"@id\":\"https:\/\/dielenergia.com\/newsletter\/#primaryimage\"},\"image\":{\"@id\":\"https:\/\/dielenergia.com\/newsletter\/#primaryimage\"},\"thumbnailUrl\":\"https:\/\/dielenergia.com\/wp-content\/uploads\/2025\/12\/b20ac0718d5c7720a542721aa4fa5ea993d6b9ac-1024x768.png\",\"datePublished\":\"2025-12-09T18:13:29+00:00\",\"dateModified\":\"2025-12-10T14:54:19+00:00\",\"breadcrumb\":{\"@id\":\"https:\/\/dielenergia.com\/newsletter\/#breadcrumb\"},\"inLanguage\":\"en-US\",\"potentialAction\":[{\"@type\":\"ReadAction\",\"target\":[\"https:\/\/dielenergia.com\/newsletter\/\"]}]},{\"@type\":\"ImageObject\",\"inLanguage\":\"en-US\",\"@id\":\"https:\/\/dielenergia.com\/newsletter\/#primaryimage\",\"url\":\"https:\/\/dielenergia.com\/wp-content\/uploads\/2025\/12\/b20ac0718d5c7720a542721aa4fa5ea993d6b9ac-1024x768.png\",\"contentUrl\":\"https:\/\/dielenergia.com\/wp-content\/uploads\/2025\/12\/b20ac0718d5c7720a542721aa4fa5ea993d6b9ac-1024x768.png\"},{\"@type\":\"BreadcrumbList\",\"@id\":\"https:\/\/dielenergia.com\/newsletter\/#breadcrumb\",\"itemListElement\":[{\"@type\":\"ListItem\",\"position\":1,\"name\":\"In\u00edcio\",\"item\":\"https:\/\/dielenergia.com\/\"},{\"@type\":\"ListItem\",\"position\":2,\"name\":\"Newsletter\"}]},{\"@type\":\"WebSite\",\"@id\":\"https:\/\/dielenergia.com\/#website\",\"url\":\"https:\/\/dielenergia.com\/\",\"name\":\"Diel Energia\",\"description\":\"Gest\u00e3o inteligente de ar-condicionado\",\"publisher\":{\"@id\":\"https:\/\/dielenergia.com\/#organization\"},\"potentialAction\":[{\"@type\":\"SearchAction\",\"target\":{\"@type\":\"EntryPoint\",\"urlTemplate\":\"https:\/\/dielenergia.com\/?s={search_term_string}\"},\"query-input\":{\"@type\":\"PropertyValueSpecification\",\"valueRequired\":true,\"valueName\":\"search_term_string\"}}],\"inLanguage\":\"en-US\"},{\"@type\":\"Organization\",\"@id\":\"https:\/\/dielenergia.com\/#organization\",\"name\":\"Diel Energia\",\"url\":\"https:\/\/dielenergia.com\/\",\"logo\":{\"@type\":\"ImageObject\",\"inLanguage\":\"en-US\",\"@id\":\"https:\/\/dielenergia.com\/#\/schema\/logo\/image\/\",\"url\":\"https:\/\/dielenergia.com\/wp-content\/uploads\/2024\/09\/Diel-logo.png\",\"contentUrl\":\"https:\/\/dielenergia.com\/wp-content\/uploads\/2024\/09\/Diel-logo.png\",\"width\":183,\"height\":56,\"caption\":\"Diel Energia\"},\"image\":{\"@id\":\"https:\/\/dielenergia.com\/#\/schema\/logo\/image\/\"},\"sameAs\":[\"https:\/\/www.linkedin.com\/company\/dielenergia\/\"]}]}<\/script>\n<!-- \/ Yoast SEO plugin. -->","yoast_head_json":{"title":"Newsletter - Diel Energia","robots":{"index":"index","follow":"follow","max-snippet":"max-snippet:-1","max-image-preview":"max-image-preview:large","max-video-preview":"max-video-preview:-1"},"canonical":"https:\/\/dielenergia.com\/en\/newsletter\/","og_locale":"en_US","og_type":"article","og_title":"Newsletter - Diel Energia","og_description":"Fique por dentro das principais tend\u00eancias e novidades do setor de refrigera\u00e7\u00e3o. Enquanto o Celsius 360 te ajuda na gest\u00e3o, sobra tempo pra respirar e se atualizar aqui com a gente! O que voc\u00ea vai receber: Mercado &amp; Gest\u00e3o An\u00e1lises sobre como o cen\u00e1rio econ\u00f4mico impacta o setorde Facilities. Eventos O impacto de eventos globais [&hellip;]","og_url":"https:\/\/dielenergia.com\/en\/newsletter\/","og_site_name":"Diel Energia","article_modified_time":"2025-12-10T14:54:19+00:00","og_image":[{"width":2560,"height":1920,"url":"https:\/\/dielenergia.com\/wp-content\/uploads\/2025\/12\/b20ac0718d5c7720a542721aa4fa5ea993d6b9ac-scaled.png","type":"image\/png"}],"twitter_card":"summary_large_image","twitter_misc":{"Est. reading time":"1 minute"},"schema":{"@context":"https:\/\/schema.org","@graph":[{"@type":"WebPage","@id":"https:\/\/dielenergia.com\/newsletter\/","url":"https:\/\/dielenergia.com\/newsletter\/","name":"Newsletter - Diel Energia","isPartOf":{"@id":"https:\/\/dielenergia.com\/#website"},"primaryImageOfPage":{"@id":"https:\/\/dielenergia.com\/newsletter\/#primaryimage"},"image":{"@id":"https:\/\/dielenergia.com\/newsletter\/#primaryimage"},"thumbnailUrl":"https:\/\/dielenergia.com\/wp-content\/uploads\/2025\/12\/b20ac0718d5c7720a542721aa4fa5ea993d6b9ac-1024x768.png","datePublished":"2025-12-09T18:13:29+00:00","dateModified":"2025-12-10T14:54:19+00:00","breadcrumb":{"@id":"https:\/\/dielenergia.com\/newsletter\/#breadcrumb"},"inLanguage":"en-US","potentialAction":[{"@type":"ReadAction","target":["https:\/\/dielenergia.com\/newsletter\/"]}]},{"@type":"ImageObject","inLanguage":"en-US","@id":"https:\/\/dielenergia.com\/newsletter\/#primaryimage","url":"https:\/\/dielenergia.com\/wp-content\/uploads\/2025\/12\/b20ac0718d5c7720a542721aa4fa5ea993d6b9ac-1024x768.png","contentUrl":"https:\/\/dielenergia.com\/wp-content\/uploads\/2025\/12\/b20ac0718d5c7720a542721aa4fa5ea993d6b9ac-1024x768.png"},{"@type":"BreadcrumbList","@id":"https:\/\/dielenergia.com\/newsletter\/#breadcrumb","itemListElement":[{"@type":"ListItem","position":1,"name":"In\u00edcio","item":"https:\/\/dielenergia.com\/"},{"@type":"ListItem","position":2,"name":"Newsletter"}]},{"@type":"WebSite","@id":"https:\/\/dielenergia.com\/#website","url":"https:\/\/dielenergia.com\/","name":"Diel Energia","description":"Gest\u00e3o inteligente de ar-condicionado","publisher":{"@id":"https:\/\/dielenergia.com\/#organization"},"potentialAction":[{"@type":"SearchAction","target":{"@type":"EntryPoint","urlTemplate":"https:\/\/dielenergia.com\/?s={search_term_string}"},"query-input":{"@type":"PropertyValueSpecification","valueRequired":true,"valueName":"search_term_string"}}],"inLanguage":"en-US"},{"@type":"Organization","@id":"https:\/\/dielenergia.com\/#organization","name":"Diel Energia","url":"https:\/\/dielenergia.com\/","logo":{"@type":"ImageObject","inLanguage":"en-US","@id":"https:\/\/dielenergia.com\/#\/schema\/logo\/image\/","url":"https:\/\/dielenergia.com\/wp-content\/uploads\/2024\/09\/Diel-logo.png","contentUrl":"https:\/\/dielenergia.com\/wp-content\/uploads\/2024\/09\/Diel-logo.png","width":183,"height":56,"caption":"Diel Energia"},"image":{"@id":"https:\/\/dielenergia.com\/#\/schema\/logo\/image\/"},"sameAs":["https:\/\/www.linkedin.com\/company\/dielenergia\/"]}]}},"_links":{"self":[{"href":"https:\/\/dielenergia.com\/en\/wp-json\/wp\/v2\/pages\/5254","targetHints":{"allow":["GET"]}}],"collection":[{"href":"https:\/\/dielenergia.com\/en\/wp-json\/wp\/v2\/pages"}],"about":[{"href":"https:\/\/dielenergia.com\/en\/wp-json\/wp\/v2\/types\/page"}],"author":[{"embeddable":true,"href":"https:\/\/dielenergia.com\/en\/wp-json\/wp\/v2\/users\/1"}],"replies":[{"embeddable":true,"href":"https:\/\/dielenergia.com\/en\/wp-json\/wp\/v2\/comments?post=5254"}],"version-history":[{"count":49,"href":"https:\/\/dielenergia.com\/en\/wp-json\/wp\/v2\/pages\/5254\/revisions"}],"predecessor-version":[{"id":5309,"href":"https:\/\/dielenergia.com\/en\/wp-json\/wp\/v2\/pages\/5254\/revisions\/5309"}],"wp:attachment":[{"href":"https:\/\/dielenergia.com\/en\/wp-json\/wp\/v2\/media?parent=5254"}],"curies":[{"name":"wp","href":"https:\/\/api.w.org\/{rel}","templated":true}]}}