{"id":3,"date":"2024-09-12T18:33:45","date_gmt":"2024-09-12T18:33:45","guid":{"rendered":"https:\/\/dielenergia.com\/?page_id=3"},"modified":"2025-02-20T23:03:23","modified_gmt":"2025-02-21T02:03:23","slug":"politica-de-privacidade","status":"publish","type":"page","link":"https:\/\/dielenergia.com\/en\/politica-de-privacidade\/","title":{"rendered":"Privacy Policy"},"content":{"rendered":"<div data-elementor-type=\"wp-page\" data-elementor-id=\"3\" class=\"elementor elementor-3\" data-elementor-post-type=\"page\">\n\t\t\t\t<div class=\"elementor-element elementor-element-87d09a1 e-flex e-con-boxed e-con e-parent\" data-id=\"87d09a1\" data-element_type=\"container\">\n\t\t\t\t\t<div class=\"e-con-inner\">\n\t\t<div class=\"elementor-element elementor-element-e913b1f e-con-full e-flex e-con e-child\" data-id=\"e913b1f\" data-element_type=\"container\">\n\t\t\t\t<div class=\"elementor-element elementor-element-800e31d elementor-widget elementor-widget-heading\" data-id=\"800e31d\" data-element_type=\"widget\" data-widget_type=\"heading.default\">\n\t\t\t\t<div class=\"elementor-widget-container\">\n\t\t\t\t\t<h1 class=\"elementor-heading-title elementor-size-default\">Privacy Policy<\/h1>\t\t\t\t<\/div>\n\t\t\t\t<\/div>\n\t\t\t\t<div class=\"elementor-element elementor-element-9204d9f elementor-widget elementor-widget-text-editor\" data-id=\"9204d9f\" data-element_type=\"widget\" data-widget_type=\"text-editor.default\">\n\t\t\t\t<div class=\"elementor-widget-container\">\n\t\t\t\t\t\t\t\t\t<p>Esta pol\u00edtica \u00e9 v\u00e1lida a partir de 22 de Mar\u00e7o de 2022<\/p>\t\t\t\t\t\t\t\t<\/div>\n\t\t\t\t<\/div>\n\t\t\t\t<\/div>\n\t\t\t\t\t<\/div>\n\t\t\t\t<\/div>\n\t\t<div class=\"elementor-element elementor-element-abaa8d9 e-flex e-con-boxed e-con e-parent\" data-id=\"abaa8d9\" data-element_type=\"container\" data-settings=\"{&quot;background_background&quot;:&quot;classic&quot;}\">\n\t\t\t\t\t<div class=\"e-con-inner\">\n\t\t<div class=\"elementor-element elementor-element-88e7b5e e-flex e-con-boxed e-con e-child\" data-id=\"88e7b5e\" data-element_type=\"container\">\n\t\t\t\t\t<div class=\"e-con-inner\">\n\t\t\t\t<div class=\"elementor-element elementor-element-a36c382 elementor-widget elementor-widget-text-editor\" data-id=\"a36c382\" data-element_type=\"widget\" data-widget_type=\"text-editor.default\">\n\t\t\t\t<div class=\"elementor-widget-container\">\n\t\t\t\t\t\t\t\t\t<p>Este site \u00e9 mantido e operado pela\u00a0<b>Diel Energia<\/b>. N\u00f3s coletamos e utilizamos alguns dados pessoais que pertencem aos Usu\u00e1rios que utilizam nosso site. Ao faz\u00ea-lo, agimos na qualidade de controlador desses dados pessoais e estamos sujeitos \u00e0s disposi\u00e7\u00f5es da\u00a0<b>Lei Federal n\u00ba 13.709\/2018 (Lei Geral de Prote\u00e7\u00e3o de Dados Pessoais \u2013 LGPD).<\/b><\/p><p>N\u00f3s cuidamos da prote\u00e7\u00e3o de seus dados pessoais e, por isso, disponibilizamos esta pol\u00edtica de privacidade, que cont\u00e9m informa\u00e7\u00f5es importantes sobre:<\/p><p class=\"light-font\">&#8211; Quem deve utilizar nosso site;<\/p><p class=\"light-font\">&#8211; Quais dados pessoais coletamos e o que fazemos com eles;<\/p><p class=\"light-font\">&#8211; Quais s\u00e3o os seus direitos em rela\u00e7\u00e3o aos seus dados pessoais;<\/p><p class=\"light-font\">&#8211; Quais os m\u00e9todos de seguran\u00e7a implementados pela empresa; e<\/p><p class=\"light-font\">&#8211; Como entrar em contato conosco.<\/p>\t\t\t\t\t\t\t\t<\/div>\n\t\t\t\t<\/div>\n\t\t\t\t\t<\/div>\n\t\t\t\t<\/div>\n\t\t\t\t\t<\/div>\n\t\t\t\t<\/div>\n\t\t\t\t<\/div>","protected":false},"excerpt":{"rendered":"<p>Pol\u00edtica de Privacidade Esta pol\u00edtica \u00e9 v\u00e1lida a partir de 22 de Mar\u00e7o de 2022 Este site \u00e9 mantido e operado pela\u00a0Diel Energia. N\u00f3s coletamos e utilizamos alguns dados pessoais que pertencem aos Usu\u00e1rios que utilizam nosso site. Ao faz\u00ea-lo, agimos na qualidade de controlador desses dados pessoais e estamos sujeitos \u00e0s disposi\u00e7\u00f5es da\u00a0Lei Federal [&hellip;]<\/p>","protected":false},"author":1,"featured_media":0,"parent":0,"menu_order":0,"comment_status":"closed","ping_status":"open","template":"","meta":{"_acf_changed":false,"content-type":"","inline_featured_image":false,"_monsterinsights_skip_tracking":false,"_monsterinsights_sitenote_active":false,"_monsterinsights_sitenote_note":"","_monsterinsights_sitenote_category":0,"footnotes":""},"class_list":["post-3","page","type-page","status-publish","hentry"],"acf":[],"yoast_head":"<!-- This site is optimized with the Yoast SEO plugin v26.4 - https:\/\/yoast.com\/wordpress\/plugins\/seo\/ -->\n<title>Pol\u00edtica de Privacidade - Diel Energia<\/title>\n<meta name=\"robots\" content=\"index, follow, max-snippet:-1, max-image-preview:large, max-video-preview:-1\" \/>\n<link rel=\"canonical\" href=\"https:\/\/dielenergia.com\/en\/politica-de-privacidade\/\" \/>\n<meta property=\"og:locale\" content=\"en_US\" \/>\n<meta property=\"og:type\" content=\"article\" \/>\n<meta property=\"og:title\" content=\"Pol\u00edtica de Privacidade - Diel Energia\" \/>\n<meta property=\"og:description\" content=\"Pol\u00edtica de Privacidade Esta pol\u00edtica \u00e9 v\u00e1lida a partir de 22 de Mar\u00e7o de 2022 Este site \u00e9 mantido e operado pela\u00a0Diel Energia. N\u00f3s coletamos e utilizamos alguns dados pessoais que pertencem aos Usu\u00e1rios que utilizam nosso site. Ao faz\u00ea-lo, agimos na qualidade de controlador desses dados pessoais e estamos sujeitos \u00e0s disposi\u00e7\u00f5es da\u00a0Lei Federal [&hellip;]\" \/>\n<meta property=\"og:url\" content=\"https:\/\/dielenergia.com\/en\/politica-de-privacidade\/\" \/>\n<meta property=\"og:site_name\" content=\"Diel Energia\" \/>\n<meta property=\"article:modified_time\" content=\"2025-02-21T02:03:23+00:00\" \/>\n<meta property=\"og:image\" content=\"https:\/\/dielenergia.com\/wp-content\/uploads\/2024\/09\/Diel-logo.png\" \/>\n\t<meta property=\"og:image:width\" content=\"183\" \/>\n\t<meta property=\"og:image:height\" content=\"56\" \/>\n\t<meta property=\"og:image:type\" content=\"image\/png\" \/>\n<meta name=\"twitter:card\" content=\"summary_large_image\" \/>\n<meta name=\"twitter:label1\" content=\"Est. reading time\" \/>\n\t<meta name=\"twitter:data1\" content=\"1 minute\" \/>\n<script type=\"application\/ld+json\" class=\"yoast-schema-graph\">{\"@context\":\"https:\/\/schema.org\",\"@graph\":[{\"@type\":\"WebPage\",\"@id\":\"https:\/\/dielenergia.com\/politica-de-privacidade\/\",\"url\":\"https:\/\/dielenergia.com\/politica-de-privacidade\/\",\"name\":\"Pol\u00edtica de Privacidade - Diel Energia\",\"isPartOf\":{\"@id\":\"https:\/\/dielenergia.com\/#website\"},\"datePublished\":\"2024-09-12T18:33:45+00:00\",\"dateModified\":\"2025-02-21T02:03:23+00:00\",\"breadcrumb\":{\"@id\":\"https:\/\/dielenergia.com\/politica-de-privacidade\/#breadcrumb\"},\"inLanguage\":\"en-US\",\"potentialAction\":[{\"@type\":\"ReadAction\",\"target\":[\"https:\/\/dielenergia.com\/politica-de-privacidade\/\"]}]},{\"@type\":\"BreadcrumbList\",\"@id\":\"https:\/\/dielenergia.com\/politica-de-privacidade\/#breadcrumb\",\"itemListElement\":[{\"@type\":\"ListItem\",\"position\":1,\"name\":\"In\u00edcio\",\"item\":\"https:\/\/dielenergia.com\/\"},{\"@type\":\"ListItem\",\"position\":2,\"name\":\"Pol\u00edtica de Privacidade\"}]},{\"@type\":\"WebSite\",\"@id\":\"https:\/\/dielenergia.com\/#website\",\"url\":\"https:\/\/dielenergia.com\/\",\"name\":\"Diel Energia\",\"description\":\"Gest\u00e3o inteligente de ar-condicionado\",\"publisher\":{\"@id\":\"https:\/\/dielenergia.com\/#organization\"},\"potentialAction\":[{\"@type\":\"SearchAction\",\"target\":{\"@type\":\"EntryPoint\",\"urlTemplate\":\"https:\/\/dielenergia.com\/?s={search_term_string}\"},\"query-input\":{\"@type\":\"PropertyValueSpecification\",\"valueRequired\":true,\"valueName\":\"search_term_string\"}}],\"inLanguage\":\"en-US\"},{\"@type\":\"Organization\",\"@id\":\"https:\/\/dielenergia.com\/#organization\",\"name\":\"Diel Energia\",\"url\":\"https:\/\/dielenergia.com\/\",\"logo\":{\"@type\":\"ImageObject\",\"inLanguage\":\"en-US\",\"@id\":\"https:\/\/dielenergia.com\/#\/schema\/logo\/image\/\",\"url\":\"https:\/\/dielenergia.com\/wp-content\/uploads\/2024\/09\/Diel-logo.png\",\"contentUrl\":\"https:\/\/dielenergia.com\/wp-content\/uploads\/2024\/09\/Diel-logo.png\",\"width\":183,\"height\":56,\"caption\":\"Diel Energia\"},\"image\":{\"@id\":\"https:\/\/dielenergia.com\/#\/schema\/logo\/image\/\"},\"sameAs\":[\"https:\/\/www.linkedin.com\/company\/dielenergia\/\"]}]}<\/script>\n<!-- \/ Yoast SEO plugin. -->","yoast_head_json":{"title":"Pol\u00edtica de Privacidade - Diel Energia","robots":{"index":"index","follow":"follow","max-snippet":"max-snippet:-1","max-image-preview":"max-image-preview:large","max-video-preview":"max-video-preview:-1"},"canonical":"https:\/\/dielenergia.com\/en\/politica-de-privacidade\/","og_locale":"en_US","og_type":"article","og_title":"Pol\u00edtica de Privacidade - Diel Energia","og_description":"Pol\u00edtica de Privacidade Esta pol\u00edtica \u00e9 v\u00e1lida a partir de 22 de Mar\u00e7o de 2022 Este site \u00e9 mantido e operado pela\u00a0Diel Energia. N\u00f3s coletamos e utilizamos alguns dados pessoais que pertencem aos Usu\u00e1rios que utilizam nosso site. Ao faz\u00ea-lo, agimos na qualidade de controlador desses dados pessoais e estamos sujeitos \u00e0s disposi\u00e7\u00f5es da\u00a0Lei Federal [&hellip;]","og_url":"https:\/\/dielenergia.com\/en\/politica-de-privacidade\/","og_site_name":"Diel Energia","article_modified_time":"2025-02-21T02:03:23+00:00","og_image":[{"width":183,"height":56,"url":"https:\/\/dielenergia.com\/wp-content\/uploads\/2024\/09\/Diel-logo.png","type":"image\/png"}],"twitter_card":"summary_large_image","twitter_misc":{"Est. reading time":"1 minute"},"schema":{"@context":"https:\/\/schema.org","@graph":[{"@type":"WebPage","@id":"https:\/\/dielenergia.com\/politica-de-privacidade\/","url":"https:\/\/dielenergia.com\/politica-de-privacidade\/","name":"Pol\u00edtica de Privacidade - Diel Energia","isPartOf":{"@id":"https:\/\/dielenergia.com\/#website"},"datePublished":"2024-09-12T18:33:45+00:00","dateModified":"2025-02-21T02:03:23+00:00","breadcrumb":{"@id":"https:\/\/dielenergia.com\/politica-de-privacidade\/#breadcrumb"},"inLanguage":"en-US","potentialAction":[{"@type":"ReadAction","target":["https:\/\/dielenergia.com\/politica-de-privacidade\/"]}]},{"@type":"BreadcrumbList","@id":"https:\/\/dielenergia.com\/politica-de-privacidade\/#breadcrumb","itemListElement":[{"@type":"ListItem","position":1,"name":"In\u00edcio","item":"https:\/\/dielenergia.com\/"},{"@type":"ListItem","position":2,"name":"Pol\u00edtica de Privacidade"}]},{"@type":"WebSite","@id":"https:\/\/dielenergia.com\/#website","url":"https:\/\/dielenergia.com\/","name":"Diel Energia","description":"Gest\u00e3o inteligente de ar-condicionado","publisher":{"@id":"https:\/\/dielenergia.com\/#organization"},"potentialAction":[{"@type":"SearchAction","target":{"@type":"EntryPoint","urlTemplate":"https:\/\/dielenergia.com\/?s={search_term_string}"},"query-input":{"@type":"PropertyValueSpecification","valueRequired":true,"valueName":"search_term_string"}}],"inLanguage":"en-US"},{"@type":"Organization","@id":"https:\/\/dielenergia.com\/#organization","name":"Diel Energia","url":"https:\/\/dielenergia.com\/","logo":{"@type":"ImageObject","inLanguage":"en-US","@id":"https:\/\/dielenergia.com\/#\/schema\/logo\/image\/","url":"https:\/\/dielenergia.com\/wp-content\/uploads\/2024\/09\/Diel-logo.png","contentUrl":"https:\/\/dielenergia.com\/wp-content\/uploads\/2024\/09\/Diel-logo.png","width":183,"height":56,"caption":"Diel Energia"},"image":{"@id":"https:\/\/dielenergia.com\/#\/schema\/logo\/image\/"},"sameAs":["https:\/\/www.linkedin.com\/company\/dielenergia\/"]}]}},"_links":{"self":[{"href":"https:\/\/dielenergia.com\/en\/wp-json\/wp\/v2\/pages\/3","targetHints":{"allow":["GET"]}}],"collection":[{"href":"https:\/\/dielenergia.com\/en\/wp-json\/wp\/v2\/pages"}],"about":[{"href":"https:\/\/dielenergia.com\/en\/wp-json\/wp\/v2\/types\/page"}],"author":[{"embeddable":true,"href":"https:\/\/dielenergia.com\/en\/wp-json\/wp\/v2\/users\/1"}],"replies":[{"embeddable":true,"href":"https:\/\/dielenergia.com\/en\/wp-json\/wp\/v2\/comments?post=3"}],"version-history":[{"count":11,"href":"https:\/\/dielenergia.com\/en\/wp-json\/wp\/v2\/pages\/3\/revisions"}],"predecessor-version":[{"id":3911,"href":"https:\/\/dielenergia.com\/en\/wp-json\/wp\/v2\/pages\/3\/revisions\/3911"}],"wp:attachment":[{"href":"https:\/\/dielenergia.com\/en\/wp-json\/wp\/v2\/media?parent=3"}],"curies":[{"name":"wp","href":"https:\/\/api.w.org\/{rel}","templated":true}]}}